{"id":108,"date":"2024-09-26T10:08:51","date_gmt":"2024-09-26T08:08:51","guid":{"rendered":"http:\/\/vseozbranich.kentaurzbrane.cz\/?page_id=108"},"modified":"2024-09-26T10:08:51","modified_gmt":"2024-09-26T08:08:51","slug":"clanky-a-novinky","status":"publish","type":"page","link":"http:\/\/vseozbranich.kentaurzbrane.cz\/index.php\/clanky-a-novinky\/","title":{"rendered":"\u010cL\u00c1NKY A NOVINKY"},"content":{"rendered":"<ul style=\"margin-top:0;margin-bottom:0;\" class=\"wp-block-latest-posts__list is-grid columns-3 wp-block-latest-posts has-background has-base-2-background-color\"><li><a class=\"wp-block-latest-posts__post-title\" href=\"http:\/\/vseozbranich.kentaurzbrane.cz\/index.php\/2025\/01\/08\/zmeny-v-zakone-o-zbranich-platne-od-1-1-2026\/\">Zm\u011bny v z\u00e1kon\u011b o zbran\u00edch platn\u00e9 od 1.1.2026<\/a><div class=\"wp-block-latest-posts__post-excerpt\">Pokud se pohybujete ve st\u0159eleck\u00e9 komunit\u011b, ur\u010dit\u011b jste zaznamenali, \u017ee v dubnu roku 2024 byla schv\u00e1lena novela z\u00e1kona o zbran\u00edch, kter\u00e1 vstoup\u00ed v platnost 1. ledna 2026. Pod\u00edvejme se spole\u010dn\u011b na nejz\u00e1sadn\u011bj\u0161\u00ed\u2026 <a class=\"wp-block-latest-posts__read-more\" href=\"http:\/\/vseozbranich.kentaurzbrane.cz\/index.php\/2025\/01\/08\/zmeny-v-zakone-o-zbranich-platne-od-1-1-2026\/\" rel=\"noopener noreferrer\">V\u00edce informac\u00ed<span class=\"screen-reader-text\">: Zm\u011bny v z\u00e1kon\u011b o zbran\u00edch platn\u00e9 od 1.1.2026<\/span><\/a><\/div><\/li>\n<li><a class=\"wp-block-latest-posts__post-title\" href=\"http:\/\/vseozbranich.kentaurzbrane.cz\/index.php\/2025\/01\/08\/199\/\">Jak z\u00edskat zbrojn\u00ed pr\u016fkaz: rychl\u00e9 shrnut\u00ed<\/a><div class=\"wp-block-latest-posts__post-excerpt\">Zbrojn\u00ed pr\u016fkaz je dokument, kter\u00fd umo\u017e\u0148uje leg\u00e1ln\u011b dr\u017eet a pou\u017e\u00edvat zbran\u011b. Proces jeho z\u00edsk\u00e1n\u00ed je v \u010cesk\u00e9 republice detailn\u011b upraven z\u00e1konem \u010d. 119\/2002 Sb., o zbran\u00edch a st\u0159elivu, a vy\u017eaduje spln\u011bn\u00ed n\u011bkolika\u2026 <a class=\"wp-block-latest-posts__read-more\" href=\"http:\/\/vseozbranich.kentaurzbrane.cz\/index.php\/2025\/01\/08\/199\/\" rel=\"noopener noreferrer\">V\u00edce informac\u00ed<span class=\"screen-reader-text\">: Jak z\u00edskat zbrojn\u00ed pr\u016fkaz: rychl\u00e9 shrnut\u00ed<\/span><\/a><\/div><\/li>\n<li><a class=\"wp-block-latest-posts__post-title\" href=\"http:\/\/vseozbranich.kentaurzbrane.cz\/index.php\/2025\/01\/08\/jak-si-vybrat-prvni-zbran-pruvodce-pro-zacatecniky\/\">Jak si vybrat prvn\u00ed zbra\u0148: pr\u016fvodce pro za\u010d\u00e1te\u010dn\u00edky<\/a><div class=\"wp-block-latest-posts__post-excerpt\">Jedn\u00edm z nej\u010dast\u011bj\u0161\u00edch dotaz\u016f, s nimi\u017e se setk\u00e1v\u00e1me na na\u0161\u00ed prodejn\u011b, je: &#8222;D\u011bl\u00e1m si zbrojn\u00ed pr\u016fkaz a budu si kupovat svou prvn\u00ed zbra\u0148. Co si m\u00e1m koupit?&#8220; Tento dotaz je podobn\u011b slo\u017eit\u00fd,\u2026 <a class=\"wp-block-latest-posts__read-more\" href=\"http:\/\/vseozbranich.kentaurzbrane.cz\/index.php\/2025\/01\/08\/jak-si-vybrat-prvni-zbran-pruvodce-pro-zacatecniky\/\" rel=\"noopener noreferrer\">V\u00edce informac\u00ed<span class=\"screen-reader-text\">: Jak si vybrat prvn\u00ed zbra\u0148: pr\u016fvodce pro za\u010d\u00e1te\u010dn\u00edky<\/span><\/a><\/div><\/li>\n<\/ul>\n\n\n<p><\/p>\n","protected":false},"excerpt":{"rendered":"","protected":false},"author":1,"featured_media":0,"parent":0,"menu_order":0,"comment_status":"closed","ping_status":"closed","template":"","meta":{"footnotes":""},"class_list":["post-108","page","type-page","status-publish","hentry"],"_links":{"self":[{"href":"http:\/\/vseozbranich.kentaurzbrane.cz\/index.php\/wp-json\/wp\/v2\/pages\/108","targetHints":{"allow":["GET"]}}],"collection":[{"href":"http:\/\/vseozbranich.kentaurzbrane.cz\/index.php\/wp-json\/wp\/v2\/pages"}],"about":[{"href":"http:\/\/vseozbranich.kentaurzbrane.cz\/index.php\/wp-json\/wp\/v2\/types\/page"}],"author":[{"embeddable":true,"href":"http:\/\/vseozbranich.kentaurzbrane.cz\/index.php\/wp-json\/wp\/v2\/users\/1"}],"replies":[{"embeddable":true,"href":"http:\/\/vseozbranich.kentaurzbrane.cz\/index.php\/wp-json\/wp\/v2\/comments?post=108"}],"version-history":[{"count":1,"href":"http:\/\/vseozbranich.kentaurzbrane.cz\/index.php\/wp-json\/wp\/v2\/pages\/108\/revisions"}],"predecessor-version":[{"id":122,"href":"http:\/\/vseozbranich.kentaurzbrane.cz\/index.php\/wp-json\/wp\/v2\/pages\/108\/revisions\/122"}],"wp:attachment":[{"href":"http:\/\/vseozbranich.kentaurzbrane.cz\/index.php\/wp-json\/wp\/v2\/media?parent=108"}],"curies":[{"name":"wp","href":"https:\/\/api.w.org\/{rel}","templated":true}]}}