{"id":52,"date":"2024-09-19T15:34:28","date_gmt":"2024-09-19T13:34:28","guid":{"rendered":"http:\/\/vseozbranich.kentaurzbrane.cz\/?page_id=52"},"modified":"2025-01-08T14:32:40","modified_gmt":"2025-01-08T13:32:40","slug":"skupiny-zbrojniho-prukazu","status":"publish","type":"page","link":"http:\/\/vseozbranich.kentaurzbrane.cz\/index.php\/skupiny-zbrojniho-prukazu\/","title":{"rendered":"Skupiny zbrojn\u00edho pr\u016fkazu"},"content":{"rendered":"\n<p><strong>Jednotliv\u00e9 skupiny zbrojn\u00edch pr\u016fkaz\u016f<\/strong><\/p>\n\n\n\n<ul class=\"wp-block-list\">\n<li><strong>Skupina A<\/strong> je ur\u010dena pro zbran\u011b sb\u011bratelsk\u00e9ho charakteru. Vyu\u017e\u00edvaj\u00ed ji sb\u011bratel\u00e9, kte\u0159\u00ed maj\u00ed z\u00e1jem o historick\u00e9 zbran\u011b neschopn\u00e9 st\u0159elby.<\/li>\n<\/ul>\n\n\n\n<p><\/p>\n\n\n\n<ul class=\"wp-block-list\">\n<li><strong>Skupina B<\/strong> slou\u017e\u00ed zbran\u00edm sportovn\u00edho \u00fa\u010delu. Dr\u017eitele oprav\u0148uje k n\u00e1kupu st\u0159eliva pro kategorii B a C \u010di k p\u0159eb\u00edjen\u00ed st\u0159eliva pro osobn\u00ed pot\u0159ebu. Toto opr\u00e1vn\u011bn\u00ed b\u00fdv\u00e1 vy\u017eadov\u00e1no i na n\u011bkter\u00fdch st\u0159eleck\u00fdch z\u00e1vodech. P\u0159i p\u0159eprav\u011b je nutno m\u00edt zbra\u0148 zabezpe\u010denou v uzav\u0159en\u00e9m obalu a nesm\u00ed b\u00fdt p\u0159ipravena k okam\u017eit\u00e9mu pou\u017eit\u00ed.<\/li>\n<\/ul>\n\n\n\n<p><\/p>\n\n\n\n<ul class=\"wp-block-list\">\n<li><strong>Skupina C <\/strong>obsahuje zbran\u011b ur\u010den\u00e9 k \u00fa\u010del\u016fm loveck\u00fdm. D\u00edky tomuto opr\u00e1vn\u011bn\u00ed lze nakupovat st\u0159elivo pro zbran\u011b z kategorie B a C, st\u0159elivo p\u0159eb\u00edjet pro vlastn\u00ed pot\u0159ebu a povolen\u00ed je nutno p\u0159edkl\u00e1dat v p\u0159\u00edpad\u011b z\u00e1jmu o lov. U p\u0159epravy plat\u00ed stejn\u00e9 podm\u00ednky, jako u skupiny B.<\/li>\n<\/ul>\n\n\n\n<p><\/p>\n\n\n\n<ul class=\"wp-block-list\">\n<li><strong>Skupina D<\/strong> se vyu\u017e\u00edv\u00e1 pro zbran\u011b je\u017e slou\u017e\u00ed pro v\u00fdkon zam\u011bstn\u00e1n\u00ed \u010di povol\u00e1n\u00ed, kde je nutno m\u00edt palnou zbra\u0148 a zam\u011bstnavatel m\u00e1 ud\u011blenou licenci \u2013 obecn\u00ed policie, p\u0159evozy pen\u011bz, ochranka. Zbra\u0148 je dr\u017eena a no\u0161ena pouze p\u0159i v\u00fdkonu zam\u011bstn\u00e1n\u00ed a to skryt\u011b. V\u00fdjimku tvo\u0159\u00ed obecn\u00ed policie a zam\u011bstnanci \u010cNB.<\/li>\n<\/ul>\n\n\n\n<p><\/p>\n\n\n\n<ul class=\"wp-block-list\">\n<li><strong>Skupina E <\/strong>se ud\u011bluje za \u00fa\u010delem ochrany \u017eivota, zdrav\u00ed a majetku. Zbra\u0148 je no\u0161ena skryt\u011b a povolen\u00ed oprav\u0148uje k nab\u00fdv\u00e1n\u00ed st\u0159eliva pouze pro zbran\u011b, kter\u00e9 je majitel ZP opr\u00e1vn\u011bn dr\u017eet, na kter\u00e9 mu byl vyd\u00e1n pr\u016fkaz zbran\u011b.<\/li>\n<\/ul>\n\n\n\n<p><\/p>\n\n\n\n<ul class=\"wp-block-list\">\n<li><strong>Skupina F<\/strong> oprav\u0148uje dr\u017eitele prov\u00e1d\u011bt pyrotechnick\u00fd pr\u016fzkum. Pouze v\u0161ak v p\u0159\u00edpad\u011b podnik\u00e1n\u00ed \u010di jako zam\u011bstnanec.<\/li>\n<\/ul>\n\n\n\n<p><strong>Jakou skupinu nebo skupiny zbrojn\u00edho pr\u016fkazu (ZP) si vybrat?<\/strong><br>P\u0159i pod\u00e1n\u00ed \u017e\u00e1dosti o zbrojn\u00ed pr\u016fkaz je nutn\u00e9 uhradit poplatek 700 K\u010d za ka\u017edou vybranou skupinu, a v\u011bt\u0161ina lid\u00ed si chce u\u0161et\u0159it dal\u0161\u00ed n\u00e1klady. Jak\u00e9 skupiny tedy zvolit? Ide\u00e1ln\u011b v\u0161echny, kter\u00e9 byste mohli v budoucnu pot\u0159ebovat! P\u0159edejdete tak tomu, abyste museli zkou\u0161ku opakovat, pokud byste si pozd\u011bji cht\u011bli roz\u0161\u00ed\u0159it opr\u00e1vn\u011bn\u00ed.<\/p>\n\n\n\n<p>Doporu\u010dujeme minim\u00e1ln\u011b zvolit skupiny A, B a E. Pokud pl\u00e1nujete lovit, p\u0159idejte tak\u00e9 skupinu C. A jestli\u017ee uva\u017eujete o zam\u011bstn\u00e1n\u00ed, kde je k v\u00fdkonu pr\u00e1ce nutn\u00e1 zbra\u0148, nezapome\u0148te na skupinu D (pro tuto skupinu je ale pot\u0159eba podstoupit l\u00e9ka\u0159skou prohl\u00eddku ka\u017ed\u00fdch p\u011bt let, co\u017e je dvakr\u00e1t \u010dast\u011bji ne\u017e u ostatn\u00edch skupin).<\/p>\n","protected":false},"excerpt":{"rendered":"<p>Jednotliv\u00e9 skupiny zbrojn\u00edch pr\u016fkaz\u016f Jakou skupinu nebo skupiny zbrojn\u00edho pr\u016fkazu (ZP) si vybrat?P\u0159i pod\u00e1n\u00ed \u017e\u00e1dosti o zbrojn\u00ed pr\u016fkaz je nutn\u00e9 uhradit poplatek 700 K\u010d za ka\u017edou vybranou skupinu, a v\u011bt\u0161ina lid\u00ed si chce u\u0161et\u0159it dal\u0161\u00ed n\u00e1klady. Jak\u00e9 skupiny tedy zvolit? Ide\u00e1ln\u011b v\u0161echny, kter\u00e9 byste mohli v budoucnu pot\u0159ebovat! P\u0159edejdete tak tomu, abyste museli zkou\u0161ku opakovat, [&hellip;]<\/p>\n","protected":false},"author":2,"featured_media":0,"parent":0,"menu_order":0,"comment_status":"closed","ping_status":"closed","template":"","meta":{"footnotes":""},"class_list":["post-52","page","type-page","status-publish","hentry"],"_links":{"self":[{"href":"http:\/\/vseozbranich.kentaurzbrane.cz\/index.php\/wp-json\/wp\/v2\/pages\/52","targetHints":{"allow":["GET"]}}],"collection":[{"href":"http:\/\/vseozbranich.kentaurzbrane.cz\/index.php\/wp-json\/wp\/v2\/pages"}],"about":[{"href":"http:\/\/vseozbranich.kentaurzbrane.cz\/index.php\/wp-json\/wp\/v2\/types\/page"}],"author":[{"embeddable":true,"href":"http:\/\/vseozbranich.kentaurzbrane.cz\/index.php\/wp-json\/wp\/v2\/users\/2"}],"replies":[{"embeddable":true,"href":"http:\/\/vseozbranich.kentaurzbrane.cz\/index.php\/wp-json\/wp\/v2\/comments?post=52"}],"version-history":[{"count":2,"href":"http:\/\/vseozbranich.kentaurzbrane.cz\/index.php\/wp-json\/wp\/v2\/pages\/52\/revisions"}],"predecessor-version":[{"id":218,"href":"http:\/\/vseozbranich.kentaurzbrane.cz\/index.php\/wp-json\/wp\/v2\/pages\/52\/revisions\/218"}],"wp:attachment":[{"href":"http:\/\/vseozbranich.kentaurzbrane.cz\/index.php\/wp-json\/wp\/v2\/media?parent=52"}],"curies":[{"name":"wp","href":"https:\/\/api.w.org\/{rel}","templated":true}]}}