{"id":56,"date":"2024-09-19T15:33:59","date_gmt":"2024-09-19T13:33:59","guid":{"rendered":"http:\/\/vseozbranich.kentaurzbrane.cz\/?page_id=56"},"modified":"2024-09-19T15:33:59","modified_gmt":"2024-09-19T13:33:59","slug":"podminky-pro-ziskani-zp","status":"publish","type":"page","link":"http:\/\/vseozbranich.kentaurzbrane.cz\/index.php\/podminky-pro-ziskani-zp\/","title":{"rendered":"Podm\u00ednky pro z\u00edsk\u00e1n\u00ed ZP"},"content":{"rendered":"\n<h3 class=\"wp-block-heading\"><strong>Podm\u00ednky pro z\u00edsk\u00e1n\u00ed zbrojn\u00edho pr\u016fkazu<\/strong><\/h3>\n\n\n\n<p>Podm\u00ednky pro z\u00edsk\u00e1n\u00ed zbrojn\u00edho pr\u016fkazu (ZP) jsou p\u0159esn\u011b stanoveny z\u00e1konem o zbran\u00edch. Pat\u0159\u00ed mezi n\u011b dosa\u017een\u00ed minim\u00e1ln\u00edho v\u011bku, zdravotn\u00ed zp\u016fsobilost, trestn\u00ed bez\u00fahonnost, spolehlivost a odborn\u00e1 zp\u016fsobilost.<\/p>\n\n\n\n<p><strong>1. Minim\u00e1ln\u00ed v\u011bk<\/strong><\/p>\n\n\n\n<ul class=\"wp-block-list\">\n<li>Zbrojn\u00ed pr\u016fkaz skupiny A, D nebo E je ur\u010den pro osoby star\u0161\u00ed 21 let.<\/li>\n\n\n\n<li>Pro skupiny B nebo C sta\u010d\u00ed, kdy\u017e je v\u00e1m 18 let.<\/li>\n<\/ul>\n\n\n\n<p><strong>V\u00fdjimky:<\/strong><\/p>\n\n\n\n<ul class=\"wp-block-list\">\n<li>Pokud jste \u010dlenem sportovn\u00ed st\u0159eleck\u00e9 organizace, m\u016f\u017eete z\u00edskat ZP sk. B u\u017e v 15 letech.<\/li>\n\n\n\n<li>Jestli\u017ee studujete \u0161kolu, kde se u\u010d\u00ed myslivost, m\u016f\u017eete m\u00edt ZP sk. C od 16 let.<\/li>\n\n\n\n<li>Studenti \u0161kol s v\u00fdukou zam\u011b\u0159enou na pu\u0161ka\u0159stv\u00ed nebo st\u0159elivo mohou z\u00edskat ZP sk. D od 18 let.<\/li>\n<\/ul>\n\n\n\n<p>U prvn\u00ed a druh\u00e9 v\u00fdjimky je nav\u00edc nutn\u00fd p\u00edsemn\u00fd souhlas rodi\u010d\u016f a doporu\u010den\u00ed od sportovn\u00ed organizace nebo \u0161koly. Pokud je dr\u017eiteli ZP m\u00e9n\u011b ne\u017e 18 let, m\u016f\u017ee se zbran\u00ed a st\u0159elivem manipulovat pouze pod dohledem, jak stanovuje \u00a7 19, odst. 6 z\u00e1kona o zbran\u00edch.<\/p>\n\n\n\n<p><strong>2. Zdravotn\u00ed zp\u016fsobilost<\/strong><\/p>\n\n\n\n<p>O posudek m\u016f\u017eete po\u017e\u00e1dat sv\u00e9ho l\u00e9ka\u0159e, v\u011bt\u0161inou obvodn\u00edho, kter\u00fd provede nezbytnou zdravotn\u00ed prohl\u00eddku. Pokud to bude pot\u0159eba, m\u016f\u017ee v\u00e1s poslat i na dal\u0161\u00ed specializovan\u00e1 vy\u0161et\u0159en\u00ed. Posudek o zdravotn\u00ed zp\u016fsobilosti nesm\u00ed b\u00fdt star\u0161\u00ed ne\u017e 3 m\u011bs\u00edce<\/p>\n\n\n\n<p>Zdravotn\u00ed zp\u016fsobilost se mus\u00ed pravideln\u011b dokl\u00e1dat \u2013 ka\u017ed\u00fdch 10 let p\u0159i prodlou\u017een\u00ed zbrojn\u00edho pr\u016fkazu, a pokud m\u00e1te ZP skupiny D, tak dokonce ka\u017ed\u00fdch 5 let. Podrobnosti najdete v \u00a7 20 z\u00e1kona o zbran\u00edch.<\/p>\n\n\n\n<p>Pro z\u00edsk\u00e1n\u00ed ZP mus\u00edte b\u00fdt v dostate\u010dn\u011b dobr\u00e9m zdravotn\u00edm stavu. Seznam nemoc\u00ed, kter\u00e9 mohou omezit nebo \u00fapln\u011b vylou\u010dit va\u0161i zp\u016fsobilost, najdete v p\u0159\u00edloze vyhl\u00e1\u0161ky Ministerstva zdravotnictv\u00ed \u010d. 493\/2002 Sb.<\/p>\n\n\n\n<p><strong>3. Trestn\u00ed bez\u00fahonnost<\/strong><\/p>\n\n\n\n<p>Bez\u00fahonnost zaru\u010duje, \u017ee zbrojn\u00ed pr\u016fkaz nem\u016f\u017ee z\u00edskat \u010dlov\u011bk, kter\u00fd se v minulosti dopustil v\u00e1\u017en\u00e9ho trestn\u00e9ho \u010dinu (pokud neuplynula stanoven\u00e1 lh\u016fta od vynesen\u00ed rozsudku nebo vykon\u00e1n\u00ed trestu). Podrobnosti najdete v \u00a7 22 z\u00e1kona o zbran\u00edch.<\/p>\n\n\n\n<p>Bez\u00fahonnost posuzuje p\u0159\u00edslu\u0161n\u00fd \u00fatvar policie a k jej\u00edmu posouzen\u00ed po\u017eaduje vyd\u00e1n\u00ed opisu z evidence Rejst\u0159\u00edku trest\u016f, p\u0159i posuzov\u00e1n\u00ed bez\u00fahonnosti se nep\u0159ihl\u00ed\u017e\u00ed k zahlazen\u00ed odsouzen\u00ed podle trestn\u00edho \u0159\u00e1du, ani k jin\u00fdm p\u0159\u00edpad\u016fm, v nich\u017e nast\u00e1v\u00e1 \u00fa\u010dinek, \u017ee se na pachatele hled\u00ed, jako by nebyl odsouzen (nap\u0159. amnestie).<\/p>\n\n\n\n<p>Opis z evidence Rejst\u0159\u00edku trest\u016f si polici za\u017e\u00e1d\u00e1 sama, nen\u00ed pot\u0159eba ho nosit.<\/p>\n\n\n\n<p><strong>Pozor!<\/strong> Pokud jste se v posledn\u00edch 10 letech zdr\u017eoval v\u00edce ne\u017e 6 m\u011bs\u00edc\u016f mimo \u010cR, mus\u00edte p\u0159edlo\u017eit doklady obdobn\u00e9 z Rejst\u0159\u00edku trest\u016f a evidence p\u0159estupk\u016f ze zem\u011b pobytu, p\u0159elo\u017een\u00e9 do \u010de\u0161tiny. Pokud tyto doklady nem\u016f\u017eete z\u00edskat, mus\u00edte p\u0159edlo\u017eit \u010destn\u00e9 prohl\u00e1\u0161en\u00ed, \u017ee jste v cizin\u011b nebyl uzn\u00e1n vinn\u00fdm z trestn\u00e9ho \u010dinu nebo p\u0159estupku, kter\u00fd by br\u00e1nil v z\u00edsk\u00e1n\u00ed zbrojn\u00edho pr\u016fkazu. Podrobnosti najdete v \u00a7 17 odst. 3 z\u00e1kona o zbran\u00edch.<\/p>\n\n\n\n<p><strong>4. Spolehlivost<\/strong><\/p>\n\n\n\n<p>Po\u017eadavek na spolehlivost zaji\u0161\u0165uje, \u017ee zbrojn\u00ed pr\u016fkaz nem\u016f\u017ee z\u00edskat osoby, kter\u00e9 maj\u00ed probl\u00e9my, jako je nadm\u011brn\u00e9 u\u017e\u00edv\u00e1n\u00ed alkoholu, drogy, nebo opakovan\u00e9 z\u00e1va\u017en\u00e9 p\u0159estupky. Podrobnosti jsou uvedeny v \u00a7 23 z\u00e1kona o zbran\u00edch.<\/p>\n\n\n\n<p><strong>5. Odborn\u00e1 zp\u016fsobilost<\/strong><\/p>\n\n\n\n<p>Aby \u017eadatel z\u00edskal osv\u011bd\u010den\u00ed o odborn\u00e9 zp\u016fsobilosti k z\u00edsk\u00e1n\u00ed zbrojn\u00edho pr\u016fkazu, mus\u00ed \u00fasp\u011b\u0161n\u011b slo\u017eit zkou\u0161ku, kter\u00e1 se skl\u00e1d\u00e1 z teoretick\u00e9 a praktick\u00e9 \u010d\u00e1sti.<\/p>\n\n\n\n<p>V <strong>teoretick\u00e9 \u010d\u00e1sti<\/strong> \u010dek\u00e1 uchaze\u010de p\u00edsemn\u00fd test, kde prokazuje znalosti:<\/p>\n\n\n\n<ul class=\"wp-block-list\">\n<li>z\u00e1kona o zbran\u00edch a dal\u0161\u00edch p\u0159edpis\u016f,<\/li>\n\n\n\n<li>pr\u00e1vn\u00ed definice nutn\u00e9 obrany a krajn\u00ed nouze,<\/li>\n\n\n\n<li>z\u00e1klad\u016f o zbran\u00edch a st\u0159elivu,<\/li>\n\n\n\n<li>z\u00e1kladn\u00edch zdravotnick\u00fdch pravidel.<\/li>\n<\/ul>\n\n\n\n<p><strong>Praktick\u00e1 \u010d\u00e1st<\/strong> se pak zam\u011b\u0159uje na:<\/p>\n\n\n\n<ul class=\"wp-block-list\">\n<li>spr\u00e1vnou a bezpe\u010dnou manipulaci se zbran\u00ed a st\u0159elivem,<\/li>\n\n\n\n<li>st\u0159elbu na pevn\u00fd c\u00edl.<\/li>\n<\/ul>\n\n\n\n<p>V\u00edce podrobnost\u00ed najdete v sekci o postupu z\u00edsk\u00e1n\u00ed zbrojn\u00edho pr\u016fkazu nebo v \u00a7 21 z\u00e1kona o zbran\u00edch, v\u010detn\u011b z\u00e1kon\u016f \u010d. 115\/2014 Sb. a \u010d. 315\/2011 Sb.<\/p>\n","protected":false},"excerpt":{"rendered":"<p>Podm\u00ednky pro z\u00edsk\u00e1n\u00ed zbrojn\u00edho pr\u016fkazu Podm\u00ednky pro z\u00edsk\u00e1n\u00ed zbrojn\u00edho pr\u016fkazu (ZP) jsou p\u0159esn\u011b stanoveny z\u00e1konem o zbran\u00edch. Pat\u0159\u00ed mezi n\u011b dosa\u017een\u00ed minim\u00e1ln\u00edho v\u011bku, zdravotn\u00ed zp\u016fsobilost, trestn\u00ed bez\u00fahonnost, spolehlivost a odborn\u00e1 zp\u016fsobilost. 1. Minim\u00e1ln\u00ed v\u011bk V\u00fdjimky: U prvn\u00ed a druh\u00e9 v\u00fdjimky je nav\u00edc nutn\u00fd p\u00edsemn\u00fd souhlas rodi\u010d\u016f a doporu\u010den\u00ed od sportovn\u00ed organizace nebo \u0161koly. Pokud je [&hellip;]<\/p>\n","protected":false},"author":2,"featured_media":0,"parent":0,"menu_order":0,"comment_status":"closed","ping_status":"closed","template":"","meta":{"footnotes":""},"class_list":["post-56","page","type-page","status-publish","hentry"],"_links":{"self":[{"href":"http:\/\/vseozbranich.kentaurzbrane.cz\/index.php\/wp-json\/wp\/v2\/pages\/56","targetHints":{"allow":["GET"]}}],"collection":[{"href":"http:\/\/vseozbranich.kentaurzbrane.cz\/index.php\/wp-json\/wp\/v2\/pages"}],"about":[{"href":"http:\/\/vseozbranich.kentaurzbrane.cz\/index.php\/wp-json\/wp\/v2\/types\/page"}],"author":[{"embeddable":true,"href":"http:\/\/vseozbranich.kentaurzbrane.cz\/index.php\/wp-json\/wp\/v2\/users\/2"}],"replies":[{"embeddable":true,"href":"http:\/\/vseozbranich.kentaurzbrane.cz\/index.php\/wp-json\/wp\/v2\/comments?post=56"}],"version-history":[{"count":1,"href":"http:\/\/vseozbranich.kentaurzbrane.cz\/index.php\/wp-json\/wp\/v2\/pages\/56\/revisions"}],"predecessor-version":[{"id":57,"href":"http:\/\/vseozbranich.kentaurzbrane.cz\/index.php\/wp-json\/wp\/v2\/pages\/56\/revisions\/57"}],"wp:attachment":[{"href":"http:\/\/vseozbranich.kentaurzbrane.cz\/index.php\/wp-json\/wp\/v2\/media?parent=56"}],"curies":[{"name":"wp","href":"https:\/\/api.w.org\/{rel}","templated":true}]}}