{"id":64,"date":"2024-09-19T15:35:01","date_gmt":"2024-09-19T13:35:01","guid":{"rendered":"http:\/\/vseozbranich.kentaurzbrane.cz\/?page_id=64"},"modified":"2024-09-19T15:35:01","modified_gmt":"2024-09-19T13:35:01","slug":"zkouska-odborne-zpusobilosti","status":"publish","type":"page","link":"http:\/\/vseozbranich.kentaurzbrane.cz\/index.php\/zkouska-odborne-zpusobilosti\/","title":{"rendered":"Zkou\u0161ka odborn\u00e9 zp\u016fsobilosti"},"content":{"rendered":"\n<p>Jakmile se p\u0159iprav\u00edte na test, p\u0159ihlaste se na <strong>zkou\u0161ku odborn\u00e9 zp\u016fsobilosti<\/strong>. P\u0159ihl\u00e1\u0161ku odevzd\u00e1te na<strong> p\u0159\u00edslu\u0161n\u00e9m \u00fatvaru policie<\/strong> a p\u0159ilo\u017e\u00edte<strong> posudek o zdravotn\u00ed zp\u016fsobilosti<\/strong> (pokud je\u0161t\u011b nem\u00e1te ZP). Poplatek za p\u0159ihl\u00e1\u0161ku je 100 K\u010d. Policie v\u00e1m do m\u011bs\u00edce sd\u011bl\u00ed <strong>datum a m\u00edsto zkou\u0161ky<\/strong> s minim\u00e1ln\u011b desetidenn\u00edm p\u0159edstihem. Zpravidla si m\u016f\u017eete datum vybrat p\u0159\u00edmo na p\u0159\u00edslu\u0161n\u00e9m \u00fatvaru policie p\u0159i pod\u00e1n\u00ed p\u0159ihl\u00e1\u0161ky.<\/p>\n\n\n\n<p>Zkou\u0161ka zahrnuje<strong> teoretick\u00fd test<\/strong> a <strong>praktickou \u010d\u00e1st<\/strong>, kde prok\u00e1\u017eete bezpe\u010dn\u00e9 zach\u00e1zen\u00ed se zbran\u00ed a st\u0159elbu. P\u0159ed zkou\u0161kou zaplat\u00edte poplatky (600 K\u010d pro komisa\u0159e + n\u00e1klady na st\u0159elnici a st\u0159elivo). Pokud usp\u011bjete, z\u00edsk\u00e1te Doklad o<strong> osv\u011bd\u010den\u00ed odborn\u00e9 zp\u016fsobilosti platn\u00fd na jeden rok.<\/strong><\/p>\n\n\n\n<p><strong>Teoretick\u00e1 \u010d\u00e1st<\/strong><\/p>\n\n\n\n<p>Teoretick\u00e1 \u010d\u00e1st zkou\u0161ky prob\u00edh\u00e1 formou<strong> p\u00edsemn\u00e9ho testu<\/strong>, na kter\u00fd m\u00e1te <strong>40 minut<\/strong>. Vylosujete pap\u00edr s ot\u00e1zkami a v dokumentu \u201eVyhodnocen\u00ed zkou\u0161ky odborn\u00e9 zp\u016fsobilosti\u201c ozna\u010d\u00edte spr\u00e1vn\u00e9 odpov\u011bdi k\u0159\u00ed\u017ekem. Nen\u00ed t\u0159eba se stresovat \u2013 v\u011bt\u0161inou sta\u010d\u00ed i m\u00e9n\u011b ne\u017e polovina \u010dasu. Test obsahuje<strong> 30 ot\u00e1zek<\/strong> vybran\u00fdch z celkov\u00fdch 500, kter\u00e9 byste m\u011bli zn\u00e1t. A\u010dkoli se ne v\u0161echny ot\u00e1zky dostanou do testu, je lep\u0161\u00ed se p\u0159ipravit na v\u0161echny, proto\u017ee v\u00fdb\u011br ot\u00e1zek nen\u00ed ofici\u00e1ln\u011b specifikov\u00e1n.<\/p>\n\n\n\n<p>Test obsahuje:<\/p>\n\n\n\n<ul class=\"wp-block-list\">\n<li>22 pr\u00e1vn\u00edch ot\u00e1zek (3 body za ot\u00e1zku),<\/li>\n\n\n\n<li>5 ot\u00e1zek o zbran\u00edch a st\u0159elivu (2 body za ot\u00e1zku),<\/li>\n\n\n\n<li>3 ot\u00e1zky ze zdravotnick\u00e9ho minima (1 bod za ot\u00e1zku).<\/li>\n<\/ul>\n\n\n\n<p>Celkem m\u016f\u017eete z\u00edskat maxim\u00e1ln\u011b 79 bod\u016f. Minim\u00e1ln\u00ed po\u010det bod\u016f pot\u0159ebn\u00fd k \u00fasp\u011bchu z\u00e1vis\u00ed na skupin\u011b, o kterou \u017e\u00e1d\u00e1te (pokud \u017e\u00e1d\u00e1te o v\u00edce skupin, plat\u00ed nejvy\u0161\u0161\u00ed po\u017eadavek).<\/p>\n\n\n\n<ul class=\"wp-block-list\">\n<li>Skupina A &#8211; 67 bod\u016f<\/li>\n\n\n\n<li>Skupina B &#8211; 71 bod\u016f<\/li>\n\n\n\n<li>Skupina C &#8211; 71 bod\u016f<\/li>\n\n\n\n<li>Skupina D &#8211; 74 bod\u016f<\/li>\n\n\n\n<li>Skupina E &#8211; 74 bod\u016f<\/li>\n<\/ul>\n\n\n\n<p>Je dobr\u00e9 se nejen u\u010dit testov\u00e9 ot\u00e1zky, ale tak\u00e9 si proj\u00edt relevantn\u00ed z\u00e1kony. Jako budouc\u00ed dr\u017eitel\u00e9 zbrojn\u00edho pr\u016fkazu byste m\u011bli z\u00e1kony zn\u00e1t a dodr\u017eovat, a porozum\u011bn\u00ed jejich paragraf\u016fm v\u00e1m pom\u016f\u017ee l\u00e9pe pochopit i testov\u00e9 ot\u00e1zky.<\/p>\n\n\n\n<p>Na t\u011bchto str\u00e1nk\u00e1ch si m\u016f\u017eete pohodln\u011b procvi\u010dovat testov\u00e9 ot\u00e1zky. Pro lep\u0161\u00ed pochopen\u00ed souvislost\u00ed u ka\u017ed\u00e9 ot\u00e1zky najdete odkaz na konkr\u00e9tn\u00ed paragraf z\u00e1kona. P\u0159ed zkou\u0161kou si m\u016f\u017eete tak\u00e9 vyzkou\u0161et test nane\u010disto.<\/p>\n\n\n\n<p><strong>Praktick\u00e1 \u010d\u00e1st<\/strong><\/p>\n\n\n\n<p>V t\u00e9to \u010d\u00e1sti zkou\u0161ky budete muset p\u0159edv\u00e9st sv\u00e9 dovednosti v zach\u00e1zen\u00ed se zbran\u00ed (nebo zbran\u011bmi, podle toho, jak\u00e9 skupiny ZP m\u00e1te). Budete muset:<\/p>\n\n\n\n<ul class=\"wp-block-list\">\n<li>Zjistit, zda je zbra\u0148 nabit\u00e1, p\u0159\u00edpadn\u011b ji vypr\u00e1zdnit.<\/li>\n\n\n\n<li>\u010c\u00e1ste\u010dn\u011b rozebrat zbra\u0148 tak, jak je pot\u0159eba k jej\u00ed \u00fadr\u017eb\u011b.<\/li>\n\n\n\n<li>Uk\u00e1zat postup p\u0159i nab\u00edjen\u00ed, p\u0159\u00edprav\u011b ke st\u0159elb\u011b, samotn\u00e9 st\u0159elb\u011b, p\u0159eru\u0161en\u00ed st\u0159elby a \u0159e\u0161en\u00ed z\u00e1vad. Toto v\u0161e se prov\u00e1d\u00ed se \u0161koln\u00edmi n\u00e1boji.<\/li>\n\n\n\n<li>Prok\u00e1zat schopnost st\u0159elby na ter\u010d s ostr\u00fdmi n\u00e1boji.<\/li>\n<\/ul>\n\n\n\n<p>V\u00fdsledky st\u0159elby podle jednotliv\u00fdch skupin jsou n\u00e1sleduj\u00edc\u00ed:<\/p>\n\n\n\n<p><strong>Skupina A:<\/strong><\/p>\n\n\n\n<ul class=\"wp-block-list\">\n<li>2 z\u00e1sahy z 5 v\u00fdst\u0159el\u016f z dlouh\u00e9 kulov\u00e9 zbran\u011b (malor\u00e1\u017eky) na 25 m v \u010dase 5 minut.<\/li>\n\n\n\n<li>2 z\u00e1sahy z 5 v\u00fdst\u0159el\u016f z kr\u00e1tk\u00e9 kulov\u00e9 zbran\u011b (pistole) na 10 m v \u010dase 5 minut.<\/li>\n\n\n\n<li>2 z\u00e1sahy ze 4 v\u00fdst\u0159el\u016f z brokov\u00e9 zbran\u011b (brokovnice) na 25 m v \u010dase 3 minuty.<\/li>\n<\/ul>\n\n\n\n<p><strong>Skupina B:<\/strong><\/p>\n\n\n\n<ul class=\"wp-block-list\">\n<li>4 z\u00e1sahy z 5 v\u00fdst\u0159el\u016f z dlouh\u00e9 kulov\u00e9 zbran\u011b (malor\u00e1\u017eky) na 25 m v \u010dase 5 minut.<\/li>\n\n\n\n<li>4 z\u00e1sahy z 5 v\u00fdst\u0159el\u016f z kr\u00e1tk\u00e9 kulov\u00e9 zbran\u011b (pistole) na 10 m v \u010dase 5 minut.<\/li>\n\n\n\n<li>3 z\u00e1sahy ze 4 v\u00fdst\u0159el\u016f z brokov\u00e9 zbran\u011b (brokovnice) na 25 m v \u010dase 3 minuty.<\/li>\n<\/ul>\n\n\n\n<p><strong>Skupina C:<\/strong><\/p>\n\n\n\n<ul class=\"wp-block-list\">\n<li>4 z\u00e1sahy z 5 v\u00fdst\u0159el\u016f z dlouh\u00e9 kulov\u00e9 zbran\u011b (malor\u00e1\u017eky) na 25 m v \u010dase 5 minut.<\/li>\n\n\n\n<li>3 z\u00e1sahy ze 4 v\u00fdst\u0159el\u016f z brokov\u00e9 zbran\u011b (brokovnice) na 25 m v \u010dase 3 minuty.<\/li>\n<\/ul>\n\n\n\n<p><strong>Skupina D:<\/strong><\/p>\n\n\n\n<ul class=\"wp-block-list\">\n<li>4 z\u00e1sahy z 5 v\u00fdst\u0159el\u016f z kr\u00e1tk\u00e9 kulov\u00e9 zbran\u011b (pistole) na 15 m v \u010dase 2 minuty.<\/li>\n<\/ul>\n\n\n\n<p><strong>Skupina E:<\/strong><\/p>\n\n\n\n<ul class=\"wp-block-list\">\n<li>4 z\u00e1sahy z 5 v\u00fdst\u0159el\u016f z kr\u00e1tk\u00e9 kulov\u00e9 zbran\u011b (pistole) na 10 m v \u010dase 3 minuty.<\/li>\n<\/ul>\n\n\n\n<p>Typy zbran\u00ed, se kter\u00fdmi se m\u016f\u017eete setkat u zkou\u0161ky, se mohou li\u0161it, ale obvykle zahrnuj\u00ed pistole jako CZ-75, CZ-83 nebo CZ-50 (kr\u00e1tk\u00e1 kulov\u00e1 zbra\u0148), malor\u00e1\u017en\u00e9 pu\u0161ky typu CZ-452 s ot\u00e1\u010div\u00fdm v\u00e1lcov\u00fdm z\u00e1v\u011brem (dlouh\u00e1 kulov\u00e1 zbra\u0148) a r\u016fzn\u00e9 zlamovac\u00ed brokov\u00e9 dvojky (dlouh\u00e1 brokov\u00e1 zbra\u0148). V\u00edce informac\u00ed najdete v sekc\u00edch o manipulaci se zbran\u011bmi a nauce o zbran\u00edch. Pro jistotu se m\u016f\u017eete p\u0159edem informovat na st\u0159elnici, kde budete zkou\u0161ku absolvovat, jak\u00e9 konkr\u00e9tn\u00ed zbran\u011b budou pou\u017eity.<\/p>\n\n\n\n<p>Po \u00fasp\u011b\u0161n\u00e9m spln\u011bn\u00ed v\u0161ech po\u017eadavk\u016f v\u00e1m komisa\u0159 vyd\u00e1 Doklad o osv\u011bd\u010den\u00ed odborn\u00e9 zp\u016fsobilosti, kter\u00fd pot\u0159ebujete k z\u00edsk\u00e1n\u00ed zbrojn\u00edho pr\u016fkazu.<\/p>\n\n\n\n<p><strong>V p\u0159\u00edpad\u011b ne\u00fasp\u011bchu<\/strong><\/p>\n\n\n\n<p>Pokud neprojdete teoretickou \u010d\u00e1st\u00ed zkou\u0161ky, budete se moci p\u0159ihl\u00e1sit k nov\u00e9 zkou\u0161ce a\u017e po <strong>t\u0159ech m\u011bs\u00edc\u00edch<\/strong> od dne ne\u00fasp\u011bchu. M\u016f\u017eete tak\u00e9 po\u017e\u00e1dat o jin\u00e9ho zku\u0161ebn\u00edho komisa\u0159e.<\/p>\n\n\n\n<p>Pokud usp\u011bjete v teoretick\u00e9 \u010d\u00e1sti, ale ne v praktick\u00e9, m\u00e1te pr\u00e1vo na jeden opakovan\u00fd pokus v praktick\u00e9 \u010d\u00e1sti. Tento opakovan\u00fd pokus m\u016f\u017eete absolvovat <strong>nejd\u0159\u00edve 15 pracovn\u00edch dn\u016f<\/strong> a <strong>nejpozd\u011bji 2 m\u011bs\u00edce <\/strong>od ne\u00fasp\u011bchu v praktick\u00e9 \u010d\u00e1sti.<\/p>\n","protected":false},"excerpt":{"rendered":"<p>Jakmile se p\u0159iprav\u00edte na test, p\u0159ihlaste se na zkou\u0161ku odborn\u00e9 zp\u016fsobilosti. P\u0159ihl\u00e1\u0161ku odevzd\u00e1te na p\u0159\u00edslu\u0161n\u00e9m \u00fatvaru policie a p\u0159ilo\u017e\u00edte posudek o zdravotn\u00ed zp\u016fsobilosti (pokud je\u0161t\u011b nem\u00e1te ZP). Poplatek za p\u0159ihl\u00e1\u0161ku je 100 K\u010d. Policie v\u00e1m do m\u011bs\u00edce sd\u011bl\u00ed datum a m\u00edsto zkou\u0161ky s minim\u00e1ln\u011b desetidenn\u00edm p\u0159edstihem. Zpravidla si m\u016f\u017eete datum vybrat p\u0159\u00edmo na p\u0159\u00edslu\u0161n\u00e9m \u00fatvaru [&hellip;]<\/p>\n","protected":false},"author":2,"featured_media":0,"parent":0,"menu_order":0,"comment_status":"closed","ping_status":"closed","template":"","meta":{"footnotes":""},"class_list":["post-64","page","type-page","status-publish","hentry"],"_links":{"self":[{"href":"http:\/\/vseozbranich.kentaurzbrane.cz\/index.php\/wp-json\/wp\/v2\/pages\/64","targetHints":{"allow":["GET"]}}],"collection":[{"href":"http:\/\/vseozbranich.kentaurzbrane.cz\/index.php\/wp-json\/wp\/v2\/pages"}],"about":[{"href":"http:\/\/vseozbranich.kentaurzbrane.cz\/index.php\/wp-json\/wp\/v2\/types\/page"}],"author":[{"embeddable":true,"href":"http:\/\/vseozbranich.kentaurzbrane.cz\/index.php\/wp-json\/wp\/v2\/users\/2"}],"replies":[{"embeddable":true,"href":"http:\/\/vseozbranich.kentaurzbrane.cz\/index.php\/wp-json\/wp\/v2\/comments?post=64"}],"version-history":[{"count":1,"href":"http:\/\/vseozbranich.kentaurzbrane.cz\/index.php\/wp-json\/wp\/v2\/pages\/64\/revisions"}],"predecessor-version":[{"id":65,"href":"http:\/\/vseozbranich.kentaurzbrane.cz\/index.php\/wp-json\/wp\/v2\/pages\/64\/revisions\/65"}],"wp:attachment":[{"href":"http:\/\/vseozbranich.kentaurzbrane.cz\/index.php\/wp-json\/wp\/v2\/media?parent=64"}],"curies":[{"name":"wp","href":"https:\/\/api.w.org\/{rel}","templated":true}]}}