{"id":71,"date":"2024-09-23T14:28:15","date_gmt":"2024-09-23T12:28:15","guid":{"rendered":"http:\/\/vseozbranich.kentaurzbrane.cz\/?page_id=71"},"modified":"2024-09-23T14:28:15","modified_gmt":"2024-09-23T12:28:15","slug":"nakup-zbrane","status":"publish","type":"page","link":"http:\/\/vseozbranich.kentaurzbrane.cz\/index.php\/nakup-zbrane\/","title":{"rendered":"N\u00e1kup zbran\u011b"},"content":{"rendered":"\n<p><strong>Postup p\u0159i n\u00e1kupu zbran\u011b<\/strong><\/p>\n\n\n\n<p><strong>1. Platn\u00fd zbrojn\u00ed pr\u016fkaz<\/strong><strong><br><\/strong>Abyste mohli zbra\u0148 vlastnit, mus\u00edte b\u00fdt dr\u017eitelem platn\u00e9ho zbrojn\u00edho pr\u016fkazu.<\/p>\n\n\n\n<p><strong>2. \u017d\u00e1dost o povolen\u00ed k n\u00e1kupu zbran\u011b na m\u00edstn\u011b p\u0159\u00edslu\u0161n\u00e9m odd\u011blen\u00ed Policie \u010cR<\/strong><strong><br><\/strong>Povolen\u00ed je nutn\u00e9 pouze pro zbran\u011b kategorie A-I (formul\u00e1\u0159 zde) a B (formul\u00e1\u0159 zde). U zbran\u00ed kategorie C nen\u00ed n\u00e1kupn\u00ed povolen\u00ed vy\u017eadov\u00e1no. V\u0161echny zbran\u011b z t\u011bchto kategori\u00ed v\u0161ak podl\u00e9haj\u00ed registraci.<br>Poplatek za vyd\u00e1n\u00ed povolen\u00ed \u010din\u00ed 200 K\u010d.<\/p>\n\n\n\n<p><strong>3. N\u00e1kup se schv\u00e1len\u00fdm povolen\u00edm (platnost 1 rok)<\/strong><strong><br><\/strong>S platn\u00fdm n\u00e1kupn\u00edm povolen\u00edm m\u016f\u017eete zbra\u0148 zakoupit u n\u00e1s v prodejn\u011b. Pokud si vyb\u00edr\u00e1te zbra\u0148 online, sta\u010d\u00ed p\u0159i objedn\u00e1vce na eshopu zadat \u010d\u00edslo n\u00e1kupn\u00edho povolen\u00ed.<\/p>\n\n\n\n<p><strong>4. Registrace zbran\u011b<\/strong><strong><br><\/strong>P\u0159i n\u00e1kupu je zbra\u0148 ihned zanesena do Centr\u00e1ln\u00edho registru zbran\u00ed (CRZ) a obdr\u017e\u00edte tzv. &#8222;\u0161ediv\u00e1k&#8220; \u2013 Ozn\u00e1men\u00ed o nabyt\u00ed zbran\u011b. S t\u00edmto dokumentem mus\u00edte do 10 dn\u016f prov\u00e9st registraci zbran\u011b na p\u0159\u00edslu\u0161n\u00e9m odd\u011blen\u00ed Policie \u010cR.<br>Registrace je zpoplatn\u011bna 300 K\u010d, nebo 100 K\u010d pro \u010dleny st\u0159eleck\u00fdch \u010di mysliveck\u00fdch organizac\u00ed (nutno dolo\u017eit potvrzen\u00ed).<br>Policie m\u00e1 na registraci a vystaven\u00ed pr\u016fkazu zbran\u011b 30 dn\u00ed.<\/p>\n\n\n\n<p>Podm\u00ednky a postup pro n\u00e1kup zbran\u011b se li\u0161\u00ed dle jej\u00ed kategorie. P\u0159esn\u00fd popis jednotliv\u00fdch kategori\u00ed zbran\u00ed naleznete v <a href=\"https:\/\/zbranekvalitne.cz\/legislativa\/119\/2002#p3\">z\u00e1kon\u011b o zbran\u00edch, \u00a7 3 a\u017e \u00a7 7<\/a>.<\/p>\n","protected":false},"excerpt":{"rendered":"<p>Postup p\u0159i n\u00e1kupu zbran\u011b 1. Platn\u00fd zbrojn\u00ed pr\u016fkazAbyste mohli zbra\u0148 vlastnit, mus\u00edte b\u00fdt dr\u017eitelem platn\u00e9ho zbrojn\u00edho pr\u016fkazu. 2. \u017d\u00e1dost o povolen\u00ed k n\u00e1kupu zbran\u011b na m\u00edstn\u011b p\u0159\u00edslu\u0161n\u00e9m odd\u011blen\u00ed Policie \u010cRPovolen\u00ed je nutn\u00e9 pouze pro zbran\u011b kategorie A-I (formul\u00e1\u0159 zde) a B (formul\u00e1\u0159 zde). U zbran\u00ed kategorie C nen\u00ed n\u00e1kupn\u00ed povolen\u00ed vy\u017eadov\u00e1no. V\u0161echny zbran\u011b z t\u011bchto [&hellip;]<\/p>\n","protected":false},"author":2,"featured_media":0,"parent":0,"menu_order":0,"comment_status":"closed","ping_status":"closed","template":"","meta":{"footnotes":""},"class_list":["post-71","page","type-page","status-publish","hentry"],"_links":{"self":[{"href":"http:\/\/vseozbranich.kentaurzbrane.cz\/index.php\/wp-json\/wp\/v2\/pages\/71","targetHints":{"allow":["GET"]}}],"collection":[{"href":"http:\/\/vseozbranich.kentaurzbrane.cz\/index.php\/wp-json\/wp\/v2\/pages"}],"about":[{"href":"http:\/\/vseozbranich.kentaurzbrane.cz\/index.php\/wp-json\/wp\/v2\/types\/page"}],"author":[{"embeddable":true,"href":"http:\/\/vseozbranich.kentaurzbrane.cz\/index.php\/wp-json\/wp\/v2\/users\/2"}],"replies":[{"embeddable":true,"href":"http:\/\/vseozbranich.kentaurzbrane.cz\/index.php\/wp-json\/wp\/v2\/comments?post=71"}],"version-history":[{"count":1,"href":"http:\/\/vseozbranich.kentaurzbrane.cz\/index.php\/wp-json\/wp\/v2\/pages\/71\/revisions"}],"predecessor-version":[{"id":72,"href":"http:\/\/vseozbranich.kentaurzbrane.cz\/index.php\/wp-json\/wp\/v2\/pages\/71\/revisions\/72"}],"wp:attachment":[{"href":"http:\/\/vseozbranich.kentaurzbrane.cz\/index.php\/wp-json\/wp\/v2\/media?parent=71"}],"curies":[{"name":"wp","href":"https:\/\/api.w.org\/{rel}","templated":true}]}}