{"id":73,"date":"2024-09-23T14:28:49","date_gmt":"2024-09-23T12:28:49","guid":{"rendered":"http:\/\/vseozbranich.kentaurzbrane.cz\/?page_id=73"},"modified":"2024-09-23T14:28:49","modified_gmt":"2024-09-23T12:28:49","slug":"zbrane-kategorie-a","status":"publish","type":"page","link":"http:\/\/vseozbranich.kentaurzbrane.cz\/index.php\/zbrane-kategorie-a\/","title":{"rendered":"Zbran\u011b kategorie A"},"content":{"rendered":"\n<p><strong>Zbran\u011b kategorie A &#8211; zak\u00e1zan\u00e9 zbran\u011b, zak\u00e1zan\u00e9 st\u0159elivo nebo zak\u00e1zan\u00e9 dopl\u0148ky zbran\u00ed<\/strong><\/p>\n\n\n\n<p>Pro n\u00e1kup zbran\u011b kategorie A je nutn\u00e9 vlastnit zbrojn\u00ed pr\u016fkaz skupiny A a z\u00edskat v\u00fdjimku (\u00a7 9) od Policie \u010cR. Tuto v\u00fdjimku b\u011b\u017en\u011b z\u00edsk\u00e1vaj\u00ed pouze sb\u011bratel\u00e9, proto\u017ee na ni nen\u00ed automatick\u00fd n\u00e1rok \u2013 z\u00e1le\u017e\u00ed na rozhodnut\u00ed konkr\u00e9tn\u00edho policejn\u00edho odd\u011blen\u00ed, zda \u017e\u00e1dosti vyhov\u00ed. Pokud sb\u00edr\u00e1te zbran\u011b a m\u00e1te z\u00e1jem o po\u0159\u00edzen\u00ed zbran\u011b kategorie A, doporu\u010dujeme se informovat na va\u0161em m\u00edstn\u00edm odd\u011blen\u00ed Policie, jak\u00e9 m\u00e1te \u0161ance a jak\u00fd je postup.<\/p>\n\n\n\n<p>Po zakoupen\u00ed zbran\u011b nebo zak\u00e1zan\u00e9ho dopl\u0148ku kategorie A je nutn\u00e9 je do 10 pracovn\u00edch dn\u016f zaregistrovat (\u00a7 42, odst. 1).<\/p>\n\n\n\n<p><strong>Zbran\u011b kategorie A jsou:<\/strong><\/p>\n\n\n\n<ul class=\"wp-block-list\">\n<li>zvl\u00e1\u0161t\u011b \u00fa\u010dinn\u00e9<\/li>\n\n\n\n<li>samo\u010dinn\u00e9 zbran\u011b<\/li>\n\n\n\n<li>z\u00e1ke\u0159n\u00e9 zbran\u011b<\/li>\n\n\n\n<li>st\u0159eln\u00e1 n\u00e1strahov\u00e1 za\u0159\u00edzen\u00ed<\/li>\n\n\n\n<li>n\u011bkter\u00e9 st\u0159elivo<\/li>\n<\/ul>\n\n\n\n<p>Kompletn\u00ed seznam najdete ve \u00a7 4 z\u00e1kona o zbran\u00edch.<\/p>\n","protected":false},"excerpt":{"rendered":"<p>Zbran\u011b kategorie A &#8211; zak\u00e1zan\u00e9 zbran\u011b, zak\u00e1zan\u00e9 st\u0159elivo nebo zak\u00e1zan\u00e9 dopl\u0148ky zbran\u00ed Pro n\u00e1kup zbran\u011b kategorie A je nutn\u00e9 vlastnit zbrojn\u00ed pr\u016fkaz skupiny A a z\u00edskat v\u00fdjimku (\u00a7 9) od Policie \u010cR. Tuto v\u00fdjimku b\u011b\u017en\u011b z\u00edsk\u00e1vaj\u00ed pouze sb\u011bratel\u00e9, proto\u017ee na ni nen\u00ed automatick\u00fd n\u00e1rok \u2013 z\u00e1le\u017e\u00ed na rozhodnut\u00ed konkr\u00e9tn\u00edho policejn\u00edho odd\u011blen\u00ed, zda \u017e\u00e1dosti vyhov\u00ed. Pokud [&hellip;]<\/p>\n","protected":false},"author":2,"featured_media":0,"parent":0,"menu_order":0,"comment_status":"closed","ping_status":"closed","template":"","meta":{"footnotes":""},"class_list":["post-73","page","type-page","status-publish","hentry"],"_links":{"self":[{"href":"http:\/\/vseozbranich.kentaurzbrane.cz\/index.php\/wp-json\/wp\/v2\/pages\/73","targetHints":{"allow":["GET"]}}],"collection":[{"href":"http:\/\/vseozbranich.kentaurzbrane.cz\/index.php\/wp-json\/wp\/v2\/pages"}],"about":[{"href":"http:\/\/vseozbranich.kentaurzbrane.cz\/index.php\/wp-json\/wp\/v2\/types\/page"}],"author":[{"embeddable":true,"href":"http:\/\/vseozbranich.kentaurzbrane.cz\/index.php\/wp-json\/wp\/v2\/users\/2"}],"replies":[{"embeddable":true,"href":"http:\/\/vseozbranich.kentaurzbrane.cz\/index.php\/wp-json\/wp\/v2\/comments?post=73"}],"version-history":[{"count":1,"href":"http:\/\/vseozbranich.kentaurzbrane.cz\/index.php\/wp-json\/wp\/v2\/pages\/73\/revisions"}],"predecessor-version":[{"id":74,"href":"http:\/\/vseozbranich.kentaurzbrane.cz\/index.php\/wp-json\/wp\/v2\/pages\/73\/revisions\/74"}],"wp:attachment":[{"href":"http:\/\/vseozbranich.kentaurzbrane.cz\/index.php\/wp-json\/wp\/v2\/media?parent=73"}],"curies":[{"name":"wp","href":"https:\/\/api.w.org\/{rel}","templated":true}]}}