{"id":75,"date":"2024-09-23T14:29:21","date_gmt":"2024-09-23T12:29:21","guid":{"rendered":"http:\/\/vseozbranich.kentaurzbrane.cz\/?page_id=75"},"modified":"2024-09-23T14:29:21","modified_gmt":"2024-09-23T12:29:21","slug":"zbrane-kategorie-b","status":"publish","type":"page","link":"http:\/\/vseozbranich.kentaurzbrane.cz\/index.php\/zbrane-kategorie-b\/","title":{"rendered":"Zbran\u011b kategorie B"},"content":{"rendered":"\n<p><strong>Zbran\u011b kategorie B &#8211; zbran\u011b podl\u00e9haj\u00edc\u00ed povolen\u00ed<\/strong><\/p>\n\n\n\n<p>Pro n\u00e1kup zbran\u011b kategorie B je nutn\u00e9 z\u00edskat povolen\u00ed od Policie \u010cR v souladu s \u00a7 12. Toto povolen\u00ed se vztahuje na nabyt\u00ed vlastnictv\u00ed, dr\u017een\u00ed nebo no\u0161en\u00ed zbran\u011b, p\u0159i\u010dem\u017e no\u0161en\u00ed je povoleno pouze pro dr\u017eitele zbrojn\u00edho pr\u016fkazu skupiny E.<\/p>\n\n\n\n<p>P\u0159i vypl\u0148ov\u00e1n\u00ed \u017e\u00e1dosti o povolen\u00ed je t\u0159eba zvolit jen ta povolen\u00ed, o kter\u00e1 m\u00e1te z\u00e1jem, a ostatn\u00ed \u0161krtnout. Osobn\u00ed \u00fadaje je nutn\u00e9 vyplnit podle pokyn\u016f uveden\u00fdch na formul\u00e1\u0159i. V \u010d\u00e1sti &#8222;\u00dadaje o zbrani&#8220; posta\u010d\u00ed uv\u00e9st pouze typ zbran\u011b, nap\u0159\u00edklad samonab\u00edjec\u00ed pistole nebo samonab\u00edjec\u00ed pu\u0161ka, pokud dal\u0161\u00ed podrobnosti, jako je zna\u010dka nebo model, je\u0161t\u011b nezn\u00e1te \u2013 nap\u0159\u00edklad v p\u0159\u00edpad\u011b, \u017ee se pro konkr\u00e9tn\u00ed model rozhodnete a\u017e v obchod\u011b, nebo si chcete povolen\u00ed p\u0159edem zajistit pro p\u0159\u00edpad v\u00fdhodn\u00e9ho n\u00e1kupu.<\/p>\n\n\n\n<p>V kolonce &#8222;d\u016fvod \u017e\u00e1dosti&#8220; m\u00e1te mo\u017enost uv\u00e9st jeden \u010di v\u00edce \u00fa\u010del\u016f, pro kter\u00e9 zbra\u0148 po\u0159izujete, v souladu s \u00a7 12, odst. 5. M\u016f\u017ee j\u00edt nap\u0159\u00edklad o:<\/p>\n\n\n\n<ul class=\"wp-block-list\">\n<li>provozov\u00e1n\u00ed muzejnictv\u00ed nebo sb\u011bratelstv\u00ed,<\/li>\n\n\n\n<li>\u00fa\u010dast na sportovn\u00edch, loveck\u00fdch, kulturn\u00edch \u010di z\u00e1jmov\u00fdch aktivit\u00e1ch, nebo p\u0159\u00edpravu na povol\u00e1n\u00ed,<\/li>\n\n\n\n<li>provozov\u00e1n\u00ed koncesovan\u00fdch \u017eivnost\u00ed v oblasti zbran\u00ed a st\u0159eliva,<\/li>\n\n\n\n<li>zaji\u0161\u0165ov\u00e1n\u00ed ostrahy majetku a osob,<\/li>\n\n\n\n<li>pln\u011bn\u00ed \u00fakol\u016f dle zvl\u00e1\u0161tn\u00edch pr\u00e1vn\u00edch p\u0159edpis\u016f,<\/li>\n\n\n\n<li>ochranu \u017eivota, zdrav\u00ed nebo majetku.<\/li>\n<\/ul>\n\n\n\n<p>Vypln\u011bnou \u017e\u00e1dost je t\u0159eba odevzdat na p\u0159\u00edslu\u0161n\u00e9m odd\u011blen\u00ed Policie \u010cR spolu s poplatkem 200 K\u010d, kter\u00fd lze zaplatit bu\u010f hotov\u011b, kartou, nebo prost\u0159ednictv\u00edm kolkov\u00fdch zn\u00e1mek (na n\u011bkter\u00fdch slu\u017eebn\u00e1ch maj\u00ed kolky k dispozici, na jin\u00fdch ne). Policie obvykle rozhodne o \u017e\u00e1dosti do t\u00fddne, ale cel\u00fd proces m\u016f\u017ee trvat a\u017e m\u011bs\u00edc. Pokud je \u017e\u00e1dost schv\u00e1lena, z\u00edsk\u00e1te n\u00e1kupn\u00ed povolen\u00ed na konkr\u00e9tn\u00ed zbra\u0148 kategorie B, kter\u00e9 v\u00e1m umo\u017en\u00ed tuto zbra\u0148 zakoupit v obchod\u011b nebo od jin\u00e9ho dr\u017eitele.<\/p>\n\n\n\n<p>Platnost n\u00e1kupn\u00edho povolen\u00ed je 1 rok od data jeho vyd\u00e1n\u00ed a vztahuje se pouze na jednu zbra\u0148. P\u0159i n\u00e1kupu povolen\u00ed neodevzd\u00e1vejte prodejci, ale ponechte si ho a uschovejte. N\u011bkter\u00e9 policejn\u00ed \u00fatvary v\u0161ak vy\u017eaduj\u00ed, aby p\u0159i registraci zbran\u011b dr\u017eitel zbrojn\u00edho pr\u016fkazu odevzdal origin\u00e1l n\u00e1kupn\u00edho povolen\u00ed. Proto se doporu\u010duje si povolen\u00ed p\u0159edem okop\u00edrovat a ulo\u017eit alespo\u0148 kopii.<\/p>\n\n\n\n<p>Po zakoupen\u00ed zbran\u011b kategorie B je nutn\u00e9 ji do deseti pracovn\u00edch dn\u016f zaregistrovat na p\u0159\u00edslu\u0161n\u00e9m odd\u011blen\u00ed Policie \u010cR podle \u00a7 42, odst. 1<\/p>\n\n\n\n<p><strong>Zbran\u011b kategorie B jsou:<\/strong><\/p>\n\n\n\n<ul class=\"wp-block-list\">\n<li>pistole a revolvery<\/li>\n\n\n\n<li>v\u011bt\u0161ina samonab\u00edjec\u00edch zbran\u00ed<\/li>\n\n\n\n<li>brokovnice s hlavn\u00ed krat\u0161\u00ed 60 cm<\/li>\n\n\n\n<li>sign\u00e1ln\u00ed zbran\u011b r\u00e1\u017ee v\u011bt\u0161\u00ed ne\u017e 16 mm<\/li>\n<\/ul>\n\n\n\n<p>Kompletn\u00ed seznam najdete ve \u00a7 5 z\u00e1kona o zbran\u00edch.<\/p>\n","protected":false},"excerpt":{"rendered":"<p>Zbran\u011b kategorie B &#8211; zbran\u011b podl\u00e9haj\u00edc\u00ed povolen\u00ed Pro n\u00e1kup zbran\u011b kategorie B je nutn\u00e9 z\u00edskat povolen\u00ed od Policie \u010cR v souladu s \u00a7 12. Toto povolen\u00ed se vztahuje na nabyt\u00ed vlastnictv\u00ed, dr\u017een\u00ed nebo no\u0161en\u00ed zbran\u011b, p\u0159i\u010dem\u017e no\u0161en\u00ed je povoleno pouze pro dr\u017eitele zbrojn\u00edho pr\u016fkazu skupiny E. P\u0159i vypl\u0148ov\u00e1n\u00ed \u017e\u00e1dosti o povolen\u00ed je t\u0159eba zvolit jen [&hellip;]<\/p>\n","protected":false},"author":2,"featured_media":0,"parent":0,"menu_order":0,"comment_status":"closed","ping_status":"closed","template":"","meta":{"footnotes":""},"class_list":["post-75","page","type-page","status-publish","hentry"],"_links":{"self":[{"href":"http:\/\/vseozbranich.kentaurzbrane.cz\/index.php\/wp-json\/wp\/v2\/pages\/75","targetHints":{"allow":["GET"]}}],"collection":[{"href":"http:\/\/vseozbranich.kentaurzbrane.cz\/index.php\/wp-json\/wp\/v2\/pages"}],"about":[{"href":"http:\/\/vseozbranich.kentaurzbrane.cz\/index.php\/wp-json\/wp\/v2\/types\/page"}],"author":[{"embeddable":true,"href":"http:\/\/vseozbranich.kentaurzbrane.cz\/index.php\/wp-json\/wp\/v2\/users\/2"}],"replies":[{"embeddable":true,"href":"http:\/\/vseozbranich.kentaurzbrane.cz\/index.php\/wp-json\/wp\/v2\/comments?post=75"}],"version-history":[{"count":1,"href":"http:\/\/vseozbranich.kentaurzbrane.cz\/index.php\/wp-json\/wp\/v2\/pages\/75\/revisions"}],"predecessor-version":[{"id":76,"href":"http:\/\/vseozbranich.kentaurzbrane.cz\/index.php\/wp-json\/wp\/v2\/pages\/75\/revisions\/76"}],"wp:attachment":[{"href":"http:\/\/vseozbranich.kentaurzbrane.cz\/index.php\/wp-json\/wp\/v2\/media?parent=75"}],"curies":[{"name":"wp","href":"https:\/\/api.w.org\/{rel}","templated":true}]}}