{"id":77,"date":"2024-09-23T14:29:53","date_gmt":"2024-09-23T12:29:53","guid":{"rendered":"http:\/\/vseozbranich.kentaurzbrane.cz\/?page_id=77"},"modified":"2024-09-23T14:29:53","modified_gmt":"2024-09-23T12:29:53","slug":"zbrane-kategorie-c","status":"publish","type":"page","link":"http:\/\/vseozbranich.kentaurzbrane.cz\/index.php\/zbrane-kategorie-c\/","title":{"rendered":"Zbran\u011b kategorie C"},"content":{"rendered":"\n<p><strong>Zbran\u011b kategorie C &#8211; zbran\u011b podl\u00e9haj\u00edc\u00ed ohl\u00e1\u0161en\u00ed<\/strong><\/p>\n\n\n\n<p>Zbra\u0148 kategorie C lze zakoupit snadno, bez nutnosti p\u0159edchoz\u00edho schv\u00e1len\u00ed ze strany policie (za p\u0159edpokladu, \u017ee m\u00e1te platn\u00e9 opr\u00e1vn\u011bn\u00ed odpov\u00eddaj\u00edc\u00ed skupiny zbrojn\u00edho pr\u016fkazu) dle \u00a7 14.<\/p>\n\n\n\n<p>Po zakoupen\u00ed zbran\u011b t\u00e9to kategorie je v\u0161ak povinnost ji do deseti pracovn\u00edch dn\u016f zaregistrovat na p\u0159\u00edslu\u0161n\u00e9m odd\u011blen\u00ed Policie \u010cR (\u00a7 42, odst. 1).<\/p>\n\n\n\n<p><strong>Zbran\u011b kategorie C jsou:<\/strong><\/p>\n\n\n\n<ul class=\"wp-block-list\">\n<li>plynov\u00e9 zbran\u011b nad 16J<\/li>\n\n\n\n<li>perkusn\u00ed zbran\u011b<\/li>\n\n\n\n<li>dlouh\u00e9 malor\u00e1\u017eky (del\u0161\u00ed ne\u017e 28 cm)<\/li>\n\n\n\n<li>dlouh\u00e9 brokovnice s hlavn\u00ed del\u0161\u00ed ne\u017e 60 cm<\/li>\n\n\n\n<li>opakovac\u00ed pu\u0161ky<\/li>\n<\/ul>\n\n\n\n<p>Kompletn\u00ed seznam v <a href=\"https:\/\/zbranekvalitne.cz\/legislativa\/119\/2002#p6\">\u00a7 6 z\u00e1kona o zbran\u00edch<\/a><\/p>\n","protected":false},"excerpt":{"rendered":"<p>Zbran\u011b kategorie C &#8211; zbran\u011b podl\u00e9haj\u00edc\u00ed ohl\u00e1\u0161en\u00ed Zbra\u0148 kategorie C lze zakoupit snadno, bez nutnosti p\u0159edchoz\u00edho schv\u00e1len\u00ed ze strany policie (za p\u0159edpokladu, \u017ee m\u00e1te platn\u00e9 opr\u00e1vn\u011bn\u00ed odpov\u00eddaj\u00edc\u00ed skupiny zbrojn\u00edho pr\u016fkazu) dle \u00a7 14. Po zakoupen\u00ed zbran\u011b t\u00e9to kategorie je v\u0161ak povinnost ji do deseti pracovn\u00edch dn\u016f zaregistrovat na p\u0159\u00edslu\u0161n\u00e9m odd\u011blen\u00ed Policie \u010cR (\u00a7 42, odst. [&hellip;]<\/p>\n","protected":false},"author":2,"featured_media":0,"parent":0,"menu_order":0,"comment_status":"closed","ping_status":"closed","template":"","meta":{"footnotes":""},"class_list":["post-77","page","type-page","status-publish","hentry"],"_links":{"self":[{"href":"http:\/\/vseozbranich.kentaurzbrane.cz\/index.php\/wp-json\/wp\/v2\/pages\/77","targetHints":{"allow":["GET"]}}],"collection":[{"href":"http:\/\/vseozbranich.kentaurzbrane.cz\/index.php\/wp-json\/wp\/v2\/pages"}],"about":[{"href":"http:\/\/vseozbranich.kentaurzbrane.cz\/index.php\/wp-json\/wp\/v2\/types\/page"}],"author":[{"embeddable":true,"href":"http:\/\/vseozbranich.kentaurzbrane.cz\/index.php\/wp-json\/wp\/v2\/users\/2"}],"replies":[{"embeddable":true,"href":"http:\/\/vseozbranich.kentaurzbrane.cz\/index.php\/wp-json\/wp\/v2\/comments?post=77"}],"version-history":[{"count":1,"href":"http:\/\/vseozbranich.kentaurzbrane.cz\/index.php\/wp-json\/wp\/v2\/pages\/77\/revisions"}],"predecessor-version":[{"id":78,"href":"http:\/\/vseozbranich.kentaurzbrane.cz\/index.php\/wp-json\/wp\/v2\/pages\/77\/revisions\/78"}],"wp:attachment":[{"href":"http:\/\/vseozbranich.kentaurzbrane.cz\/index.php\/wp-json\/wp\/v2\/media?parent=77"}],"curies":[{"name":"wp","href":"https:\/\/api.w.org\/{rel}","templated":true}]}}