{"id":104,"date":"2024-09-26T10:00:41","date_gmt":"2024-09-26T08:00:41","guid":{"rendered":"https:\/\/vseozbranich.kentaurzbrane.cz\/?page_id=104"},"modified":"2024-09-26T10:00:41","modified_gmt":"2024-09-26T08:00:41","slug":"prodej-zbrane","status":"publish","type":"page","link":"https:\/\/vseozbranich.kentaurzbrane.cz\/index.php\/prodej-zbrane\/","title":{"rendered":"Prodej zbran\u011b"},"content":{"rendered":"\n<p>P\u0159i prodeji zbran\u011b m\u00e1te povinnost p\u0159edev\u0161\u00edm ov\u011b\u0159it, zda kupuj\u00edc\u00ed spl\u0148uje podm\u00ednky pro jej\u00ed nabyt\u00ed:<\/p>\n\n\n\n<ul class=\"wp-block-list\">\n<li>U zbran\u00ed, zak\u00e1zan\u00fdch dopl\u0148k\u016f nebo st\u0159eliva kategorie A mus\u00ed m\u00edt kupuj\u00edc\u00ed platn\u00fd zbrojn\u00ed pr\u016fkaz a v\u00fdjimku na danou zbra\u0148, dopln\u011bk \u010di zak\u00e1zan\u00e9 st\u0159elivo.<\/li>\n\n\n\n<li>U zbran\u00ed kategorie B je nutn\u00e9, aby kupuj\u00edc\u00ed m\u011bl platn\u00fd zbrojn\u00ed pr\u016fkaz a z\u00e1rove\u0148 n\u00e1kupn\u00ed povolen\u00ed na konkr\u00e9tn\u00ed typ zbran\u011b.<\/li>\n\n\n\n<li>Pro zbran\u011b kategorie C je t\u0159eba, aby kupuj\u00edc\u00ed vlastnil platn\u00fd zbrojn\u00ed pr\u016fkaz.<\/li>\n\n\n\n<li>V p\u0159\u00edpad\u011b zbran\u00ed kategorie D mus\u00ed b\u00fdt kupuj\u00edc\u00ed star\u0161\u00ed 18 let a zp\u016fsobil\u00fd k pr\u00e1vn\u00edm \u00fakon\u016fm.<\/li>\n<\/ul>\n\n\n\n<p>Doporu\u010dujeme p\u0159i prodeji sepsat p\u00edsemnou smlouvu, abyste p\u0159ede\u0161li p\u0159\u00edpadn\u00fdm probl\u00e9m\u016fm v budoucnu. N\u00e1vrh takov\u00e9 smlouvy je k dispozici<strong> u n\u00e1s<\/strong>. P\u0159i prodeji zbran\u011b kategorie B je rovn\u011b\u017e vhodn\u00e9 si po\u0159\u00eddit kopii n\u00e1kupn\u00edho povolen\u00ed od kupuj\u00edc\u00edho.<\/p>\n\n\n\n<p>Po prodeji zbran\u011b kategorie A, B nebo C jste povinni do deseti pracovn\u00edch dn\u016f ozn\u00e1mit tento p\u0159evod na p\u0159\u00edslu\u0161n\u00e9m odd\u011blen\u00ed policie (<strong>\u00a7 42, odst. 2<\/strong>) a odevzdat pr\u016fkaz zbran\u011b. Kupuj\u00edc\u00ed si n\u00e1sledn\u011b mus\u00ed zbra\u0148 registrovat u sv\u00e9 policejn\u00ed slu\u017eebny, kde mu bude vystaven nov\u00fd pr\u016fkaz zbran\u011b.<\/p>\n","protected":false},"excerpt":{"rendered":"<p>P\u0159i prodeji zbran\u011b m\u00e1te povinnost p\u0159edev\u0161\u00edm ov\u011b\u0159it, zda kupuj\u00edc\u00ed spl\u0148uje podm\u00ednky pro jej\u00ed nabyt\u00ed: Doporu\u010dujeme p\u0159i prodeji sepsat p\u00edsemnou smlouvu, abyste p\u0159ede\u0161li p\u0159\u00edpadn\u00fdm probl\u00e9m\u016fm v budoucnu. N\u00e1vrh takov\u00e9 smlouvy je k dispozici u n\u00e1s. P\u0159i prodeji zbran\u011b kategorie B je rovn\u011b\u017e vhodn\u00e9 si po\u0159\u00eddit kopii n\u00e1kupn\u00edho povolen\u00ed od kupuj\u00edc\u00edho. Po prodeji zbran\u011b kategorie A, B [&hellip;]<\/p>\n","protected":false},"author":2,"featured_media":0,"parent":0,"menu_order":0,"comment_status":"closed","ping_status":"closed","template":"","meta":{"footnotes":""},"class_list":["post-104","page","type-page","status-publish","hentry"],"_links":{"self":[{"href":"https:\/\/vseozbranich.kentaurzbrane.cz\/index.php\/wp-json\/wp\/v2\/pages\/104","targetHints":{"allow":["GET"]}}],"collection":[{"href":"https:\/\/vseozbranich.kentaurzbrane.cz\/index.php\/wp-json\/wp\/v2\/pages"}],"about":[{"href":"https:\/\/vseozbranich.kentaurzbrane.cz\/index.php\/wp-json\/wp\/v2\/types\/page"}],"author":[{"embeddable":true,"href":"https:\/\/vseozbranich.kentaurzbrane.cz\/index.php\/wp-json\/wp\/v2\/users\/2"}],"replies":[{"embeddable":true,"href":"https:\/\/vseozbranich.kentaurzbrane.cz\/index.php\/wp-json\/wp\/v2\/comments?post=104"}],"version-history":[{"count":1,"href":"https:\/\/vseozbranich.kentaurzbrane.cz\/index.php\/wp-json\/wp\/v2\/pages\/104\/revisions"}],"predecessor-version":[{"id":106,"href":"https:\/\/vseozbranich.kentaurzbrane.cz\/index.php\/wp-json\/wp\/v2\/pages\/104\/revisions\/106"}],"wp:attachment":[{"href":"https:\/\/vseozbranich.kentaurzbrane.cz\/index.php\/wp-json\/wp\/v2\/media?parent=104"}],"curies":[{"name":"wp","href":"https:\/\/api.w.org\/{rel}","templated":true}]}}