{"id":181,"date":"2025-01-08T09:14:15","date_gmt":"2025-01-08T08:14:15","guid":{"rendered":"https:\/\/vseozbranich.kentaurzbrane.cz\/?page_id=181"},"modified":"2025-01-08T09:14:15","modified_gmt":"2025-01-08T08:14:15","slug":"strelecka-teorie","status":"publish","type":"page","link":"https:\/\/vseozbranich.kentaurzbrane.cz\/index.php\/strelecka-teorie\/","title":{"rendered":"St\u0159eleck\u00e1 teorie"},"content":{"rendered":"\n<p>nap\u00ed\u0161u nap\u00ed\u0161u nap\u00ed\u0161u nap\u00ed\u0161u nap\u00ed\u0161u nap\u00ed\u0161u nap\u00ed\u0161u nap\u00ed\u0161u nap\u00ed\u0161u nap\u00ed\u0161u nap\u00ed\u0161u nap\u00ed\u0161u <\/p>\n","protected":false},"excerpt":{"rendered":"<p>nap\u00ed\u0161u nap\u00ed\u0161u nap\u00ed\u0161u nap\u00ed\u0161u nap\u00ed\u0161u nap\u00ed\u0161u nap\u00ed\u0161u nap\u00ed\u0161u nap\u00ed\u0161u nap\u00ed\u0161u nap\u00ed\u0161u nap\u00ed\u0161u<\/p>\n","protected":false},"author":2,"featured_media":0,"parent":0,"menu_order":0,"comment_status":"closed","ping_status":"closed","template":"","meta":{"footnotes":""},"class_list":["post-181","page","type-page","status-publish","hentry"],"_links":{"self":[{"href":"https:\/\/vseozbranich.kentaurzbrane.cz\/index.php\/wp-json\/wp\/v2\/pages\/181","targetHints":{"allow":["GET"]}}],"collection":[{"href":"https:\/\/vseozbranich.kentaurzbrane.cz\/index.php\/wp-json\/wp\/v2\/pages"}],"about":[{"href":"https:\/\/vseozbranich.kentaurzbrane.cz\/index.php\/wp-json\/wp\/v2\/types\/page"}],"author":[{"embeddable":true,"href":"https:\/\/vseozbranich.kentaurzbrane.cz\/index.php\/wp-json\/wp\/v2\/users\/2"}],"replies":[{"embeddable":true,"href":"https:\/\/vseozbranich.kentaurzbrane.cz\/index.php\/wp-json\/wp\/v2\/comments?post=181"}],"version-history":[{"count":1,"href":"https:\/\/vseozbranich.kentaurzbrane.cz\/index.php\/wp-json\/wp\/v2\/pages\/181\/revisions"}],"predecessor-version":[{"id":183,"href":"https:\/\/vseozbranich.kentaurzbrane.cz\/index.php\/wp-json\/wp\/v2\/pages\/181\/revisions\/183"}],"wp:attachment":[{"href":"https:\/\/vseozbranich.kentaurzbrane.cz\/index.php\/wp-json\/wp\/v2\/media?parent=181"}],"curies":[{"name":"wp","href":"https:\/\/api.w.org\/{rel}","templated":true}]}}