{"id":58,"date":"2024-09-19T15:34:49","date_gmt":"2024-09-19T13:34:49","guid":{"rendered":"http:\/\/vseozbranich.kentaurzbrane.cz\/?page_id=58"},"modified":"2024-09-19T15:34:49","modified_gmt":"2024-09-19T13:34:49","slug":"zakladni-informace","status":"publish","type":"page","link":"https:\/\/vseozbranich.kentaurzbrane.cz\/index.php\/zakladni-informace\/","title":{"rendered":"Z\u00e1kladn\u00ed informace"},"content":{"rendered":"\n<p>Zbrojn\u00ed pr\u016fkaz je opr\u00e1vn\u011bn\u00ed, kter\u00e9 umo\u017e\u0148uje jednotlivc\u016fm nab\u00fdvat a vlastnit \u010di nosit zbran\u011b, a to v z\u00e1vislosti na skupin\u011b zbrojn\u00edho pr\u016fkazu. Stejn\u011b jako u \u0159idi\u010dsk\u00e9ho pr\u016fkazu mus\u00ed \u017eadatel splnit z\u00e1konem stanoven\u00e9 po\u017eadavky, aby jej z\u00edskal.<\/p>\n\n\n\n<p>Na t\u011bchto str\u00e1nk\u00e1ch najdete v\u0161echny teoretick\u00e9 materi\u00e1ly pot\u0159ebn\u00e9 k \u00fasp\u011b\u0161n\u00e9mu zvl\u00e1dnut\u00ed zkou\u0161ky odborn\u00e9 zp\u016fsobilosti pro z\u00edsk\u00e1n\u00ed zbrojn\u00edho pr\u016fkazu. Podle na\u0161ich zku\u0161enost\u00ed jsou informace zde uveden\u00e9 dosta\u010duj\u00edc\u00ed pro zvl\u00e1dnut\u00ed teoretick\u00e9 \u010d\u00e1sti zkou\u0161ky i bez dal\u0161\u00ed literatury. Pokud v\u0161ak nem\u00e1te praktick\u00e9 zku\u0161enosti se zbran\u011bmi, d\u016frazn\u011b doporu\u010dujeme absolvovat p\u0159\u00edpravn\u00fd kurz na st\u0159elnici, kde si m\u016f\u017eete procvi\u010dit bezpe\u010dn\u00e9 zach\u00e1zen\u00ed se zbran\u00ed a st\u0159elbu.<\/p>\n\n\n\n<p><\/p>\n","protected":false},"excerpt":{"rendered":"<p>Zbrojn\u00ed pr\u016fkaz je opr\u00e1vn\u011bn\u00ed, kter\u00e9 umo\u017e\u0148uje jednotlivc\u016fm nab\u00fdvat a vlastnit \u010di nosit zbran\u011b, a to v z\u00e1vislosti na skupin\u011b zbrojn\u00edho pr\u016fkazu. Stejn\u011b jako u \u0159idi\u010dsk\u00e9ho pr\u016fkazu mus\u00ed \u017eadatel splnit z\u00e1konem stanoven\u00e9 po\u017eadavky, aby jej z\u00edskal. Na t\u011bchto str\u00e1nk\u00e1ch najdete v\u0161echny teoretick\u00e9 materi\u00e1ly pot\u0159ebn\u00e9 k \u00fasp\u011b\u0161n\u00e9mu zvl\u00e1dnut\u00ed zkou\u0161ky odborn\u00e9 zp\u016fsobilosti pro z\u00edsk\u00e1n\u00ed zbrojn\u00edho pr\u016fkazu. Podle na\u0161ich [&hellip;]<\/p>\n","protected":false},"author":2,"featured_media":0,"parent":0,"menu_order":0,"comment_status":"closed","ping_status":"closed","template":"","meta":{"footnotes":""},"class_list":["post-58","page","type-page","status-publish","hentry"],"_links":{"self":[{"href":"https:\/\/vseozbranich.kentaurzbrane.cz\/index.php\/wp-json\/wp\/v2\/pages\/58","targetHints":{"allow":["GET"]}}],"collection":[{"href":"https:\/\/vseozbranich.kentaurzbrane.cz\/index.php\/wp-json\/wp\/v2\/pages"}],"about":[{"href":"https:\/\/vseozbranich.kentaurzbrane.cz\/index.php\/wp-json\/wp\/v2\/types\/page"}],"author":[{"embeddable":true,"href":"https:\/\/vseozbranich.kentaurzbrane.cz\/index.php\/wp-json\/wp\/v2\/users\/2"}],"replies":[{"embeddable":true,"href":"https:\/\/vseozbranich.kentaurzbrane.cz\/index.php\/wp-json\/wp\/v2\/comments?post=58"}],"version-history":[{"count":1,"href":"https:\/\/vseozbranich.kentaurzbrane.cz\/index.php\/wp-json\/wp\/v2\/pages\/58\/revisions"}],"predecessor-version":[{"id":59,"href":"https:\/\/vseozbranich.kentaurzbrane.cz\/index.php\/wp-json\/wp\/v2\/pages\/58\/revisions\/59"}],"wp:attachment":[{"href":"https:\/\/vseozbranich.kentaurzbrane.cz\/index.php\/wp-json\/wp\/v2\/media?parent=58"}],"curies":[{"name":"wp","href":"https:\/\/api.w.org\/{rel}","templated":true}]}}