{"id":60,"date":"2024-09-19T15:33:47","date_gmt":"2024-09-19T13:33:47","guid":{"rendered":"http:\/\/vseozbranich.kentaurzbrane.cz\/?page_id=60"},"modified":"2025-01-08T14:11:13","modified_gmt":"2025-01-08T13:11:13","slug":"jak-ziskam-zp","status":"publish","type":"page","link":"https:\/\/vseozbranich.kentaurzbrane.cz\/index.php\/jak-ziskam-zp\/","title":{"rendered":"Jak z\u00edsk\u00e1m ZP"},"content":{"rendered":"\n<p class=\"has-medium-font-size\" style=\"margin-top:0;margin-right:0;margin-bottom:0;margin-left:0\">Z\u00edsk\u00e1n\u00ed zbrojn\u00edho pr\u016fkazu trv\u00e1 n\u011bkolik m\u011bs\u00edc\u016f, co\u017e je dost \u010dasu na to, abyste si p\u0159ipravili v\u0161echny pot\u0159ebn\u00e9 dokumenty. Nejprve se doporu\u010duje nav\u0161t\u00edvit sv\u00e9ho praktick\u00e9ho l\u00e9ka\u0159e, pot\u00e9 se obr\u00e1tit na m\u00edstn\u00ed policejn\u00ed odd\u011blen\u00ed a nakonec se vypravit na st\u0159elnici.<\/p>\n\n\n\n<ol class=\"wp-block-list\">\n<li>Zdravotn\u00ed prohl\u00eddka (n\u00e1v\u0161t\u011bva u praktick\u00e9ho l\u00e9ka\u0159e)<\/li>\n\n\n\n<li>Pod\u00e1n\u00ed p\u0159ihl\u00e1\u0161ky ke zkou\u0161ce odborn\u00e9 zp\u016fsobilosti (na m\u00edstn\u00edm policejn\u00edm odd\u011blen\u00ed)<\/li>\n\n\n\n<li>P\u0159\u00edpravn\u00fd st\u0159eleck\u00fd kurz (lze zakoupit dobrovoln\u011b na st\u0159elnici)<\/li>\n\n\n\n<li>Zkou\u0161ka odborn\u00e9 zp\u016fsobilosti (st\u0159elnice nab\u00edzej\u00ed n\u011bkolik term\u00edn\u016f m\u011bs\u00ed\u010dn\u011b)<\/li>\n\n\n\n<li>Pod\u00e1n\u00ed \u017e\u00e1dosti o vyd\u00e1n\u00ed zbrojn\u00edho pr\u016fkazu (na p\u0159\u00edslu\u0161n\u00e9m policejn\u00edm odd\u011blen\u00ed)<\/li>\n\n\n\n<li>P\u0159evzet\u00ed zbrojn\u00edho pr\u016fkazu (na m\u00edstn\u00edm policejn\u00edm odd\u011blen\u00ed)<\/li>\n<\/ol>\n\n\n\n<figure class=\"wp-block-image size-large\"><img loading=\"lazy\" decoding=\"async\" width=\"1024\" height=\"614\" src=\"https:\/\/vseozbranich.kentaurzbrane.cz\/wp-content\/uploads\/2025\/01\/jak-ziskam-zp-1024x614.png\" alt=\"\" class=\"wp-image-174\" srcset=\"https:\/\/vseozbranich.kentaurzbrane.cz\/wp-content\/uploads\/2025\/01\/jak-ziskam-zp-1024x614.png 1024w, https:\/\/vseozbranich.kentaurzbrane.cz\/wp-content\/uploads\/2025\/01\/jak-ziskam-zp-300x180.png 300w, https:\/\/vseozbranich.kentaurzbrane.cz\/wp-content\/uploads\/2025\/01\/jak-ziskam-zp-768x461.png 768w, https:\/\/vseozbranich.kentaurzbrane.cz\/wp-content\/uploads\/2025\/01\/jak-ziskam-zp-1536x922.png 1536w, https:\/\/vseozbranich.kentaurzbrane.cz\/wp-content\/uploads\/2025\/01\/jak-ziskam-zp.png 2000w\" sizes=\"auto, (max-width: 1024px) 100vw, 1024px\" \/><\/figure>\n","protected":false},"excerpt":{"rendered":"<p>Z\u00edsk\u00e1n\u00ed zbrojn\u00edho pr\u016fkazu trv\u00e1 n\u011bkolik m\u011bs\u00edc\u016f, co\u017e je dost \u010dasu na to, abyste si p\u0159ipravili v\u0161echny pot\u0159ebn\u00e9 dokumenty. Nejprve se doporu\u010duje nav\u0161t\u00edvit sv\u00e9ho praktick\u00e9ho l\u00e9ka\u0159e, pot\u00e9 se obr\u00e1tit na m\u00edstn\u00ed policejn\u00ed odd\u011blen\u00ed a nakonec se vypravit na st\u0159elnici.<\/p>\n","protected":false},"author":2,"featured_media":0,"parent":0,"menu_order":0,"comment_status":"closed","ping_status":"closed","template":"","meta":{"footnotes":""},"class_list":["post-60","page","type-page","status-publish","hentry"],"_links":{"self":[{"href":"https:\/\/vseozbranich.kentaurzbrane.cz\/index.php\/wp-json\/wp\/v2\/pages\/60","targetHints":{"allow":["GET"]}}],"collection":[{"href":"https:\/\/vseozbranich.kentaurzbrane.cz\/index.php\/wp-json\/wp\/v2\/pages"}],"about":[{"href":"https:\/\/vseozbranich.kentaurzbrane.cz\/index.php\/wp-json\/wp\/v2\/types\/page"}],"author":[{"embeddable":true,"href":"https:\/\/vseozbranich.kentaurzbrane.cz\/index.php\/wp-json\/wp\/v2\/users\/2"}],"replies":[{"embeddable":true,"href":"https:\/\/vseozbranich.kentaurzbrane.cz\/index.php\/wp-json\/wp\/v2\/comments?post=60"}],"version-history":[{"count":6,"href":"https:\/\/vseozbranich.kentaurzbrane.cz\/index.php\/wp-json\/wp\/v2\/pages\/60\/revisions"}],"predecessor-version":[{"id":175,"href":"https:\/\/vseozbranich.kentaurzbrane.cz\/index.php\/wp-json\/wp\/v2\/pages\/60\/revisions\/175"}],"wp:attachment":[{"href":"https:\/\/vseozbranich.kentaurzbrane.cz\/index.php\/wp-json\/wp\/v2\/media?parent=60"}],"curies":[{"name":"wp","href":"https:\/\/api.w.org\/{rel}","templated":true}]}}