{"id":99,"date":"2024-09-26T10:00:15","date_gmt":"2024-09-26T08:00:15","guid":{"rendered":"https:\/\/vseozbranich.kentaurzbrane.cz\/?page_id=99"},"modified":"2024-09-26T10:00:15","modified_gmt":"2024-09-26T08:00:15","slug":"registrace-a-ohlaseni-zbrane","status":"publish","type":"page","link":"https:\/\/vseozbranich.kentaurzbrane.cz\/index.php\/registrace-a-ohlaseni-zbrane\/","title":{"rendered":"Registrace a ohl\u00e1\u0161en\u00ed zbran\u011b"},"content":{"rendered":"\n<p>Ka\u017edou zbra\u0148 kategorie A, B nebo C (s v\u00fdjimkou zak\u00e1zan\u00e9ho st\u0159eliva z kategorie A) je nutn\u00e9 registrovat (<strong>\u00a7 41<\/strong>). P\u0159i n\u00e1kupu, prodeji, darov\u00e1n\u00ed nebo d\u011bd\u011bn\u00ed zbran\u00ed t\u011bchto kategori\u00ed je t\u0159eba tuto skute\u010dnost ozn\u00e1mit policii. K tomu slou\u017e\u00ed formul\u00e1\u0159 s n\u00e1zvem<strong> Ozn\u00e1men\u00ed o nabyt\u00ed nebo p\u0159evodu vlastnictv\u00ed zbran\u011b<\/strong>, zn\u00e1m\u00fd tak\u00e9 jako<strong> &#8222;\u0161ediv\u00e1k&#8220;<\/strong>. Tento formul\u00e1\u0159 mus\u00edte odevzdat na sv\u00e9m p\u0159\u00edslu\u0161n\u00e9m odd\u011blen\u00ed policie.<\/p>\n\n\n\n<p>Pokud jde o nabyt\u00ed vlastnictv\u00ed, p\u0159edkl\u00e1d\u00e1te krom\u011b vypln\u011bn\u00e9ho formul\u00e1\u0159e i nenabitou zbra\u0148 ke kontrole. K tomu je nutn\u00e9 uhradit spr\u00e1vn\u00ed poplatek 300 K\u010d, nebo zakoupit odpov\u00eddaj\u00edc\u00ed kolek. \u010clenov\u00e9 sportovn\u00edch st\u0159eleck\u00fdch klub\u016f nebo mysliveck\u00fdch sdru\u017een\u00ed plat\u00ed sn\u00ed\u017een\u00fd poplatek 100 K\u010d. Policie n\u00e1sledn\u011b vystav\u00ed nov\u00fd pr\u016fkaz zbran\u011b.<\/p>\n\n\n\n<p>P\u0159i p\u0159evodu vlastnictv\u00ed zbran\u011b mus\u00edte krom\u011b formul\u00e1\u0159e p\u0159edlo\u017eit i p\u016fvodn\u00ed pr\u016fkaz zbran\u011b.<\/p>\n\n\n\n<p>D\u016fle\u017eit\u00e9: Bez platn\u00e9ho pr\u016fkazu zbran\u011b nesm\u00edte zbra\u0148 nosit <strong>(\u00a7 29, odst. 3, p\u00edsm. c)<\/strong> ani z n\u00ed st\u0159\u00edlet, s v\u00fdjimkou p\u0159\u00edpad\u016f nutn\u00e9 obrany nebo krajn\u00ed nouze.<\/p>\n","protected":false},"excerpt":{"rendered":"<p>Ka\u017edou zbra\u0148 kategorie A, B nebo C (s v\u00fdjimkou zak\u00e1zan\u00e9ho st\u0159eliva z kategorie A) je nutn\u00e9 registrovat (\u00a7 41). P\u0159i n\u00e1kupu, prodeji, darov\u00e1n\u00ed nebo d\u011bd\u011bn\u00ed zbran\u00ed t\u011bchto kategori\u00ed je t\u0159eba tuto skute\u010dnost ozn\u00e1mit policii. K tomu slou\u017e\u00ed formul\u00e1\u0159 s n\u00e1zvem Ozn\u00e1men\u00ed o nabyt\u00ed nebo p\u0159evodu vlastnictv\u00ed zbran\u011b, zn\u00e1m\u00fd tak\u00e9 jako &#8222;\u0161ediv\u00e1k&#8220;. Tento formul\u00e1\u0159 mus\u00edte odevzdat [&hellip;]<\/p>\n","protected":false},"author":2,"featured_media":0,"parent":0,"menu_order":0,"comment_status":"closed","ping_status":"closed","template":"","meta":{"footnotes":""},"class_list":["post-99","page","type-page","status-publish","hentry"],"_links":{"self":[{"href":"https:\/\/vseozbranich.kentaurzbrane.cz\/index.php\/wp-json\/wp\/v2\/pages\/99","targetHints":{"allow":["GET"]}}],"collection":[{"href":"https:\/\/vseozbranich.kentaurzbrane.cz\/index.php\/wp-json\/wp\/v2\/pages"}],"about":[{"href":"https:\/\/vseozbranich.kentaurzbrane.cz\/index.php\/wp-json\/wp\/v2\/types\/page"}],"author":[{"embeddable":true,"href":"https:\/\/vseozbranich.kentaurzbrane.cz\/index.php\/wp-json\/wp\/v2\/users\/2"}],"replies":[{"embeddable":true,"href":"https:\/\/vseozbranich.kentaurzbrane.cz\/index.php\/wp-json\/wp\/v2\/comments?post=99"}],"version-history":[{"count":1,"href":"https:\/\/vseozbranich.kentaurzbrane.cz\/index.php\/wp-json\/wp\/v2\/pages\/99\/revisions"}],"predecessor-version":[{"id":102,"href":"https:\/\/vseozbranich.kentaurzbrane.cz\/index.php\/wp-json\/wp\/v2\/pages\/99\/revisions\/102"}],"wp:attachment":[{"href":"https:\/\/vseozbranich.kentaurzbrane.cz\/index.php\/wp-json\/wp\/v2\/media?parent=99"}],"curies":[{"name":"wp","href":"https:\/\/api.w.org\/{rel}","templated":true}]}}